{"id":11065,"date":"2024-02-10T15:54:05","date_gmt":"2024-02-10T14:54:05","guid":{"rendered":"https:\/\/www.lagarde-photo.com\/?post_type=product&#038;p=11065"},"modified":"2024-05-23T18:45:43","modified_gmt":"2024-05-23T16:45:43","slug":"night-shift","status":"publish","type":"product","link":"https:\/\/www.lagarde-photo.com\/en\/boutique\/fine-art-print\/edition-limitee\/night-shift\/","title":{"rendered":"Night Shift"},"content":{"rendered":"<h2>\u2014 \u00c9dition limit\u00e9 de 30 exemplaires + 2 \u00e9preuves d\u2019artiste.<\/h2>\n<h4>\u2022 Tirage photographique num\u00e9rot\u00e9 et sign\u00e9 par l\u2019auteur fourni avec un certificat d\u2019authenticit\u00e9.<br \/>\n\u2022 Tirage livr\u00e9 sans cadre.<\/h4>\n<p><strong>\u2022\/ Informations tirage<\/strong><\/p>\n<p>Les tailles indiqu\u00e9es sont la mesure r\u00e9elle de l\u2019\u0153uvre d\u2019art en centim\u00e8tre. <strong>Chaque tirage comprend une bordure blanche suppl\u00e9mentaire de 5 cm pour la signature de l\u2019artiste dans le coin inf\u00e9rieur droit et le num\u00e9ro d\u2019\u00e9dition dans le coin inf\u00e9rieur gauche<\/strong>. Veuillez noter qu\u2019en raison de la bordure blanche, la taille r\u00e9elle du papier aura 10 cm suppl\u00e9mentaire sur la largeur et la hauteur de la taille choisie.<\/p>\n<p>Toutes les photographies sont imprim\u00e9es sur du <strong>papier Baryt\u00e9 brillant Hahnem\u00fchle 315g en jet d\u2019encre pigmentaire.<\/strong><\/p>\n<p><strong>Chaque \u0153uvre est sign\u00e9e \u00e0 la main et num\u00e9rot\u00e9e \u00e0 la main en \u00e9dition limit\u00e9 de 30 exemplaires avec un certificat d\u2019authenticit\u00e9.<\/strong><\/p>\n<p><strong>\u2022\/ Informations livraison<\/strong><\/p>\n<p>\u00c0 compter de la passation de commande, veuillez pr\u00e9voir un d\u00e9lais de 3 jours ouvrable pour l\u2019impression, 1 \u00e0 3 jours ouvrables pour les envois nationaux (France) et 6 \u00e0 10 jours ouvrables pour les envois internationaux depuis la France.<\/p>\n<p><span class=\"HwtZe\" lang=\"fr\"><span class=\"jCAhz ChMk0b\"><span class=\"ryNqvb\">L\u2019exp\u00e9dition gratuite dans un tube postal est offerte dans le monde entier.<\/span><\/span><\/span><\/p>\n","protected":false},"excerpt":{"rendered":"<h1>Night Shift<\/h1>\n<p><strong>Format unique de tirage photo 150 cm x 100 cm.<\/strong><\/p>\n<h3><span class=\"HwtZe\" lang=\"fr\"><span class=\"jCAhz ChMk0b\"><span class=\"ryNqvb\"> Night Shift est une \u0153uvre photographique originale de Jean Christophe Lagarde<br \/>\n<\/span><\/span><\/span><\/h3>\n<p><strong><span class=\"HwtZe\" lang=\"fr\"><span class=\"jCAhz ChMk0b\"><span class=\"ryNqvb\">Chaque \u0153uvre est sign\u00e9e et num\u00e9rot\u00e9e \u00e0 la main en \u00e9dition limit\u00e9e \u00e0 <\/span><\/span><\/span>30 exemplaires.<\/strong><\/p>\n<p><span class=\"HwtZe\" lang=\"fr\"><span class=\"jCAhz ChMk0b\"><span class=\"ryNqvb\">Toutes les \u0153uvres sont r\u00e9alis\u00e9es sur commande, veuillez donc noter que toutes les ventes sont d\u00e9finitives.<\/span><\/span><\/span><\/p>\n<p><span class=\"HwtZe\" lang=\"fr\"><span class=\"jCAhz ChMk0b\"><span class=\"ryNqvb\">L\u2019exp\u00e9dition gratuite dans un tube postal est offerte dans le monde entier.<\/span><\/span><\/span><\/p>\n","protected":false},"featured_media":11066,"template":"","meta":{"om_disable_all_campaigns":false,"_monsterinsights_skip_tracking":false,"_monsterinsights_sitenote_active":false,"_monsterinsights_sitenote_note":"","_monsterinsights_sitenote_category":0,"_uf_show_specific_survey":0,"_uf_disable_surveys":false},"product_brand":[],"product_cat":[436,435],"product_tag":[439,191,438],"class_list":{"0":"post-11065","1":"product","2":"type-product","3":"status-publish","4":"has-post-thumbnail","6":"product_cat-edition-limitee","7":"product_cat-fine-art-print","8":"product_tag-fine-art-print","9":"product_tag-jean-christophe-lagarde","10":"product_tag-nude","12":"first","13":"instock","14":"sold-individually","15":"taxable","16":"shipping-taxable","17":"purchasable","18":"product-type-simple"},"aioseo_notices":[],"aioseo_head":"\n\t\t<!-- All in One SEO Pro 4.9.7.1 - aioseo.com -->\n\t<meta name=\"description\" content=\"Night Shift : entre dans la danse de la nuit. Night Shift est une \u0153uvre photographique originale de Jean Christophe Lagarde Chaque \u0153uvre est sign\u00e9e.\" \/>\n\t<meta name=\"robots\" content=\"max-image-preview:large\" \/>\n\t<meta name=\"google-site-verification\" content=\"VHQLuZm28kv_BD-7mTPLMHg2qE2fSUbBLKdmY_ds10U\" \/>\n\t<meta name=\"p:domain_verify\" content=\"91fe20e439a517f83219015ca1074d23\" \/>\n\t<link rel=\"canonical\" href=\"https:\/\/www.lagarde-photo.com\/en\/boutique\/fine-art-print\/edition-limitee\/night-shift\/\" \/>\n\t<meta name=\"generator\" content=\"All in One SEO Pro (AIOSEO) 4.9.7.1\" \/>\n\t\t<meta property=\"og:locale\" content=\"en_US\" \/>\n\t\t<meta property=\"og:site_name\" content=\"Jean Christophe Lagarde | Portfolio du photographe Jean Christophe Lagarde\" \/>\n\t\t<meta property=\"og:type\" content=\"article\" \/>\n\t\t<meta property=\"og:title\" content=\"Night Shift | Collection Photo | JC LAGARDE\" \/>\n\t\t<meta property=\"og:description\" content=\"Night Shift : entre dans la danse de la nuit. Night Shift est une \u0153uvre photographique originale de Jean Christophe Lagarde Chaque \u0153uvre est sign\u00e9e.\" \/>\n\t\t<meta property=\"og:url\" content=\"https:\/\/www.lagarde-photo.com\/en\/boutique\/fine-art-print\/edition-limitee\/night-shift\/\" \/>\n\t\t<meta property=\"og:image\" content=\"https:\/\/www.lagarde-photo.com\/wp-content\/uploads\/2021\/04\/logo_jcl_noir_favicon.png\" \/>\n\t\t<meta property=\"og:image:secure_url\" content=\"https:\/\/www.lagarde-photo.com\/wp-content\/uploads\/2021\/04\/logo_jcl_noir_favicon.png\" \/>\n\t\t<meta property=\"article:published_time\" content=\"2024-02-10T14:54:05+00:00\" \/>\n\t\t<meta property=\"article:modified_time\" content=\"2024-05-23T16:45:43+00:00\" \/>\n\t\t<meta property=\"article:publisher\" content=\"https:\/\/www.facebook.com\/Lagardephotographe\" \/>\n\t\t<meta name=\"twitter:card\" content=\"summary_large_image\" \/>\n\t\t<meta name=\"twitter:site\" content=\"@lagardephotopro\" \/>\n\t\t<meta name=\"twitter:title\" content=\"Night Shift | Collection Photo | JC LAGARDE\" \/>\n\t\t<meta name=\"twitter:description\" content=\"Night Shift : entre dans la danse de la nuit. Night Shift est une \u0153uvre photographique originale de Jean Christophe Lagarde Chaque \u0153uvre est sign\u00e9e.\" \/>\n\t\t<meta name=\"twitter:image\" content=\"https:\/\/www.lagarde-photo.com\/wp-content\/uploads\/2021\/04\/logo_jcl_noir_favicon.png\" \/>\n\t\t<script type=\"application\/ld+json\" class=\"aioseo-schema\">\n\t\t\t{\"@context\":\"https:\\\/\\\/schema.org\",\"@graph\":[{\"@type\":\"BreadcrumbList\",\"@id\":\"https:\\\/\\\/www.lagarde-photo.com\\\/en\\\/boutique\\\/fine-art-print\\\/edition-limitee\\\/night-shift\\\/#breadcrumblist\",\"itemListElement\":[{\"@type\":\"ListItem\",\"@id\":\"https:\\\/\\\/www.lagarde-photo.com\\\/en\\\/#listItem\",\"position\":1,\"name\":\"Home\",\"item\":\"https:\\\/\\\/www.lagarde-photo.com\\\/en\\\/\",\"nextItem\":{\"@type\":\"ListItem\",\"@id\":\"https:\\\/\\\/www.lagarde-photo.com\\\/en\\\/shop\\\/#listItem\",\"name\":\"Shop Fine Art\"}},{\"@type\":\"ListItem\",\"@id\":\"https:\\\/\\\/www.lagarde-photo.com\\\/en\\\/shop\\\/#listItem\",\"position\":2,\"name\":\"Shop Fine Art\",\"item\":\"https:\\\/\\\/www.lagarde-photo.com\\\/en\\\/shop\\\/\",\"nextItem\":{\"@type\":\"ListItem\",\"@id\":\"https:\\\/\\\/www.lagarde-photo.com\\\/en\\\/art-photography\\\/fine-art-print\\\/#listItem\",\"name\":\"Fine art print\"},\"previousItem\":{\"@type\":\"ListItem\",\"@id\":\"https:\\\/\\\/www.lagarde-photo.com\\\/en\\\/#listItem\",\"name\":\"Home\"}},{\"@type\":\"ListItem\",\"@id\":\"https:\\\/\\\/www.lagarde-photo.com\\\/en\\\/art-photography\\\/fine-art-print\\\/#listItem\",\"position\":3,\"name\":\"Fine art print\",\"item\":\"https:\\\/\\\/www.lagarde-photo.com\\\/en\\\/art-photography\\\/fine-art-print\\\/\",\"nextItem\":{\"@type\":\"ListItem\",\"@id\":\"https:\\\/\\\/www.lagarde-photo.com\\\/en\\\/art-photography\\\/fine-art-print\\\/edition-limitee\\\/#listItem\",\"name\":\"edition limit\\u00e9e\"},\"previousItem\":{\"@type\":\"ListItem\",\"@id\":\"https:\\\/\\\/www.lagarde-photo.com\\\/en\\\/shop\\\/#listItem\",\"name\":\"Shop Fine Art\"}},{\"@type\":\"ListItem\",\"@id\":\"https:\\\/\\\/www.lagarde-photo.com\\\/en\\\/art-photography\\\/fine-art-print\\\/edition-limitee\\\/#listItem\",\"position\":4,\"name\":\"edition limit\\u00e9e\",\"item\":\"https:\\\/\\\/www.lagarde-photo.com\\\/en\\\/art-photography\\\/fine-art-print\\\/edition-limitee\\\/\",\"nextItem\":{\"@type\":\"ListItem\",\"@id\":\"https:\\\/\\\/www.lagarde-photo.com\\\/en\\\/boutique\\\/fine-art-print\\\/edition-limitee\\\/night-shift\\\/#listItem\",\"name\":\"Night Shift\"},\"previousItem\":{\"@type\":\"ListItem\",\"@id\":\"https:\\\/\\\/www.lagarde-photo.com\\\/en\\\/art-photography\\\/fine-art-print\\\/#listItem\",\"name\":\"Fine art print\"}},{\"@type\":\"ListItem\",\"@id\":\"https:\\\/\\\/www.lagarde-photo.com\\\/en\\\/boutique\\\/fine-art-print\\\/edition-limitee\\\/night-shift\\\/#listItem\",\"position\":5,\"name\":\"Night Shift\",\"previousItem\":{\"@type\":\"ListItem\",\"@id\":\"https:\\\/\\\/www.lagarde-photo.com\\\/en\\\/art-photography\\\/fine-art-print\\\/edition-limitee\\\/#listItem\",\"name\":\"edition limit\\u00e9e\"}}]},{\"@type\":\"ItemPage\",\"@id\":\"https:\\\/\\\/www.lagarde-photo.com\\\/en\\\/boutique\\\/fine-art-print\\\/edition-limitee\\\/night-shift\\\/#itempage\",\"url\":\"https:\\\/\\\/www.lagarde-photo.com\\\/en\\\/boutique\\\/fine-art-print\\\/edition-limitee\\\/night-shift\\\/\",\"name\":\"Night Shift | Collection Photo | JC LAGARDE\",\"description\":\"Night Shift : entre dans la danse de la nuit. Night Shift est une \\u0153uvre photographique originale de Jean Christophe Lagarde Chaque \\u0153uvre est sign\\u00e9e.\",\"inLanguage\":\"en-US\",\"isPartOf\":{\"@id\":\"https:\\\/\\\/www.lagarde-photo.com\\\/en\\\/#website\"},\"breadcrumb\":{\"@id\":\"https:\\\/\\\/www.lagarde-photo.com\\\/en\\\/boutique\\\/fine-art-print\\\/edition-limitee\\\/night-shift\\\/#breadcrumblist\"},\"image\":{\"@type\":\"ImageObject\",\"url\":\"https:\\\/\\\/www.lagarde-photo.com\\\/wp-content\\\/uploads\\\/2024\\\/02\\\/night-shift-est-une-oeuvre-photographique-originale-de-jean-christophe-lagarde.jpg\",\"@id\":\"https:\\\/\\\/www.lagarde-photo.com\\\/en\\\/boutique\\\/fine-art-print\\\/edition-limitee\\\/night-shift\\\/#mainImage\",\"width\":1080,\"height\":720,\"caption\":\"Night Shift est une \\u0153uvre photographique originale de Jean Christophe Lagarde\"},\"primaryImageOfPage\":{\"@id\":\"https:\\\/\\\/www.lagarde-photo.com\\\/en\\\/boutique\\\/fine-art-print\\\/edition-limitee\\\/night-shift\\\/#mainImage\"},\"datePublished\":\"2024-02-10T15:54:05+01:00\",\"dateModified\":\"2024-05-23T18:45:43+02:00\"},{\"@type\":\"Person\",\"@id\":\"https:\\\/\\\/www.lagarde-photo.com\\\/en\\\/#person\",\"name\":\"Jean Christophe Lagarde\",\"image\":\"https:\\\/\\\/www.lagarde-photo.com\\\/wp-content\\\/uploads\\\/2021\\\/04\\\/cropped-logo_jcl_noir.png\",\"sameAs\":[\"https:\\\/\\\/www.facebook.com\\\/Lagardephotographe\",\"https:\\\/\\\/www.twitter.com\\\/lagardephotopro\",\"https:\\\/\\\/www.instagram.com\\\/jeanchristophelagarde_\",\"https:\\\/\\\/www.pinterest.fr\\\/lagardephoto\\\/\",\"https:\\\/\\\/www.linkedin.com\\\/in\\\/jean-christophe-lagarde-photographe\\\/\"]},{\"@type\":\"WebPage\",\"@id\":\"https:\\\/\\\/www.lagarde-photo.com\\\/en\\\/boutique\\\/fine-art-print\\\/edition-limitee\\\/night-shift\\\/#webpage\",\"url\":\"https:\\\/\\\/www.lagarde-photo.com\\\/en\\\/boutique\\\/fine-art-print\\\/edition-limitee\\\/night-shift\\\/\",\"name\":\"Night Shift | Collection Photo | JC LAGARDE\",\"description\":\"Night Shift : entre dans la danse de la nuit. Night Shift est une \\u0153uvre photographique originale de Jean Christophe Lagarde Chaque \\u0153uvre est sign\\u00e9e.\",\"inLanguage\":\"en-US\",\"isPartOf\":{\"@id\":\"https:\\\/\\\/www.lagarde-photo.com\\\/en\\\/#website\"},\"breadcrumb\":{\"@id\":\"https:\\\/\\\/www.lagarde-photo.com\\\/en\\\/boutique\\\/fine-art-print\\\/edition-limitee\\\/night-shift\\\/#breadcrumblist\"},\"image\":{\"@type\":\"ImageObject\",\"url\":\"https:\\\/\\\/www.lagarde-photo.com\\\/wp-content\\\/uploads\\\/2024\\\/02\\\/night-shift-est-une-oeuvre-photographique-originale-de-jean-christophe-lagarde.jpg\",\"@id\":\"https:\\\/\\\/www.lagarde-photo.com\\\/en\\\/boutique\\\/fine-art-print\\\/edition-limitee\\\/night-shift\\\/#mainImage\",\"width\":1080,\"height\":720,\"caption\":\"Night Shift est une \\u0153uvre photographique originale de Jean Christophe Lagarde\"},\"primaryImageOfPage\":{\"@id\":\"https:\\\/\\\/www.lagarde-photo.com\\\/en\\\/boutique\\\/fine-art-print\\\/edition-limitee\\\/night-shift\\\/#mainImage\"},\"datePublished\":\"2024-02-10T15:54:05+01:00\",\"dateModified\":\"2024-05-23T18:45:43+02:00\"},{\"@type\":\"WebSite\",\"@id\":\"https:\\\/\\\/www.lagarde-photo.com\\\/en\\\/#website\",\"url\":\"https:\\\/\\\/www.lagarde-photo.com\\\/en\\\/\",\"name\":\"Jean Christophe Lagarde Photographe\",\"alternateName\":\"Photographe mode Paris\",\"description\":\"Portfolio du photographe Jean Christophe Lagarde\",\"inLanguage\":\"en-US\",\"publisher\":{\"@id\":\"https:\\\/\\\/www.lagarde-photo.com\\\/en\\\/#person\"}}]}\n\t\t<\/script>\n\t\t<!-- All in One SEO Pro -->\r\n\t\t<title>Night Shift | Collection Photo | JC LAGARDE<\/title>\n\n","aioseo_head_json":{"title":"Night Shift | Collection Photo | JC LAGARDE","description":"Night Shift : entre dans la danse de la nuit. Night Shift est une \u0153uvre photographique originale de Jean Christophe Lagarde Chaque \u0153uvre est sign\u00e9e.","canonical_url":"https:\/\/www.lagarde-photo.com\/en\/boutique\/fine-art-print\/edition-limitee\/night-shift\/","robots":"max-image-preview:large","keywords":"","webmasterTools":{"google-site-verification":"VHQLuZm28kv_BD-7mTPLMHg2qE2fSUbBLKdmY_ds10U","p:domain_verify":"91fe20e439a517f83219015ca1074d23","miscellaneous":""},"schema":{"@context":"https:\/\/schema.org","@graph":[{"@type":"BreadcrumbList","@id":"https:\/\/www.lagarde-photo.com\/en\/boutique\/fine-art-print\/edition-limitee\/night-shift\/#breadcrumblist","itemListElement":[{"@type":"ListItem","@id":"https:\/\/www.lagarde-photo.com\/en\/#listItem","position":1,"name":"Home","item":"https:\/\/www.lagarde-photo.com\/en\/","nextItem":{"@type":"ListItem","@id":"https:\/\/www.lagarde-photo.com\/en\/shop\/#listItem","name":"Shop Fine Art"}},{"@type":"ListItem","@id":"https:\/\/www.lagarde-photo.com\/en\/shop\/#listItem","position":2,"name":"Shop Fine Art","item":"https:\/\/www.lagarde-photo.com\/en\/shop\/","nextItem":{"@type":"ListItem","@id":"https:\/\/www.lagarde-photo.com\/en\/art-photography\/fine-art-print\/#listItem","name":"Fine art print"},"previousItem":{"@type":"ListItem","@id":"https:\/\/www.lagarde-photo.com\/en\/#listItem","name":"Home"}},{"@type":"ListItem","@id":"https:\/\/www.lagarde-photo.com\/en\/art-photography\/fine-art-print\/#listItem","position":3,"name":"Fine art print","item":"https:\/\/www.lagarde-photo.com\/en\/art-photography\/fine-art-print\/","nextItem":{"@type":"ListItem","@id":"https:\/\/www.lagarde-photo.com\/en\/art-photography\/fine-art-print\/edition-limitee\/#listItem","name":"edition limit\u00e9e"},"previousItem":{"@type":"ListItem","@id":"https:\/\/www.lagarde-photo.com\/en\/shop\/#listItem","name":"Shop Fine Art"}},{"@type":"ListItem","@id":"https:\/\/www.lagarde-photo.com\/en\/art-photography\/fine-art-print\/edition-limitee\/#listItem","position":4,"name":"edition limit\u00e9e","item":"https:\/\/www.lagarde-photo.com\/en\/art-photography\/fine-art-print\/edition-limitee\/","nextItem":{"@type":"ListItem","@id":"https:\/\/www.lagarde-photo.com\/en\/boutique\/fine-art-print\/edition-limitee\/night-shift\/#listItem","name":"Night Shift"},"previousItem":{"@type":"ListItem","@id":"https:\/\/www.lagarde-photo.com\/en\/art-photography\/fine-art-print\/#listItem","name":"Fine art print"}},{"@type":"ListItem","@id":"https:\/\/www.lagarde-photo.com\/en\/boutique\/fine-art-print\/edition-limitee\/night-shift\/#listItem","position":5,"name":"Night Shift","previousItem":{"@type":"ListItem","@id":"https:\/\/www.lagarde-photo.com\/en\/art-photography\/fine-art-print\/edition-limitee\/#listItem","name":"edition limit\u00e9e"}}]},{"@type":"ItemPage","@id":"https:\/\/www.lagarde-photo.com\/en\/boutique\/fine-art-print\/edition-limitee\/night-shift\/#itempage","url":"https:\/\/www.lagarde-photo.com\/en\/boutique\/fine-art-print\/edition-limitee\/night-shift\/","name":"Night Shift | Collection Photo | JC LAGARDE","description":"Night Shift : entre dans la danse de la nuit. Night Shift est une \u0153uvre photographique originale de Jean Christophe Lagarde Chaque \u0153uvre est sign\u00e9e.","inLanguage":"en-US","isPartOf":{"@id":"https:\/\/www.lagarde-photo.com\/en\/#website"},"breadcrumb":{"@id":"https:\/\/www.lagarde-photo.com\/en\/boutique\/fine-art-print\/edition-limitee\/night-shift\/#breadcrumblist"},"image":{"@type":"ImageObject","url":"https:\/\/www.lagarde-photo.com\/wp-content\/uploads\/2024\/02\/night-shift-est-une-oeuvre-photographique-originale-de-jean-christophe-lagarde.jpg","@id":"https:\/\/www.lagarde-photo.com\/en\/boutique\/fine-art-print\/edition-limitee\/night-shift\/#mainImage","width":1080,"height":720,"caption":"Night Shift est une \u0153uvre photographique originale de Jean Christophe Lagarde"},"primaryImageOfPage":{"@id":"https:\/\/www.lagarde-photo.com\/en\/boutique\/fine-art-print\/edition-limitee\/night-shift\/#mainImage"},"datePublished":"2024-02-10T15:54:05+01:00","dateModified":"2024-05-23T18:45:43+02:00"},{"@type":"Person","@id":"https:\/\/www.lagarde-photo.com\/en\/#person","name":"Jean Christophe Lagarde","image":"https:\/\/www.lagarde-photo.com\/wp-content\/uploads\/2021\/04\/cropped-logo_jcl_noir.png","sameAs":["https:\/\/www.facebook.com\/Lagardephotographe","https:\/\/www.twitter.com\/lagardephotopro","https:\/\/www.instagram.com\/jeanchristophelagarde_","https:\/\/www.pinterest.fr\/lagardephoto\/","https:\/\/www.linkedin.com\/in\/jean-christophe-lagarde-photographe\/"]},{"@type":"WebPage","@id":"https:\/\/www.lagarde-photo.com\/en\/boutique\/fine-art-print\/edition-limitee\/night-shift\/#webpage","url":"https:\/\/www.lagarde-photo.com\/en\/boutique\/fine-art-print\/edition-limitee\/night-shift\/","name":"Night Shift | Collection Photo | JC LAGARDE","description":"Night Shift : entre dans la danse de la nuit. Night Shift est une \u0153uvre photographique originale de Jean Christophe Lagarde Chaque \u0153uvre est sign\u00e9e.","inLanguage":"en-US","isPartOf":{"@id":"https:\/\/www.lagarde-photo.com\/en\/#website"},"breadcrumb":{"@id":"https:\/\/www.lagarde-photo.com\/en\/boutique\/fine-art-print\/edition-limitee\/night-shift\/#breadcrumblist"},"image":{"@type":"ImageObject","url":"https:\/\/www.lagarde-photo.com\/wp-content\/uploads\/2024\/02\/night-shift-est-une-oeuvre-photographique-originale-de-jean-christophe-lagarde.jpg","@id":"https:\/\/www.lagarde-photo.com\/en\/boutique\/fine-art-print\/edition-limitee\/night-shift\/#mainImage","width":1080,"height":720,"caption":"Night Shift est une \u0153uvre photographique originale de Jean Christophe Lagarde"},"primaryImageOfPage":{"@id":"https:\/\/www.lagarde-photo.com\/en\/boutique\/fine-art-print\/edition-limitee\/night-shift\/#mainImage"},"datePublished":"2024-02-10T15:54:05+01:00","dateModified":"2024-05-23T18:45:43+02:00"},{"@type":"WebSite","@id":"https:\/\/www.lagarde-photo.com\/en\/#website","url":"https:\/\/www.lagarde-photo.com\/en\/","name":"Jean Christophe Lagarde Photographe","alternateName":"Photographe mode Paris","description":"Portfolio du photographe Jean Christophe Lagarde","inLanguage":"en-US","publisher":{"@id":"https:\/\/www.lagarde-photo.com\/en\/#person"}}]},"og:locale":"en_US","og:site_name":"Jean Christophe Lagarde | Portfolio du photographe Jean Christophe Lagarde","og:type":"article","og:title":"Night Shift | Collection Photo | JC LAGARDE","og:description":"Night Shift : entre dans la danse de la nuit. Night Shift est une \u0153uvre photographique originale de Jean Christophe Lagarde Chaque \u0153uvre est sign\u00e9e.","og:url":"https:\/\/www.lagarde-photo.com\/en\/boutique\/fine-art-print\/edition-limitee\/night-shift\/","og:image":"https:\/\/www.lagarde-photo.com\/wp-content\/uploads\/2021\/04\/logo_jcl_noir_favicon.png","og:image:secure_url":"https:\/\/www.lagarde-photo.com\/wp-content\/uploads\/2021\/04\/logo_jcl_noir_favicon.png","article:published_time":"2024-02-10T14:54:05+00:00","article:modified_time":"2024-05-23T16:45:43+00:00","article:publisher":"https:\/\/www.facebook.com\/Lagardephotographe","twitter:card":"summary_large_image","twitter:site":"@lagardephotopro","twitter:title":"Night Shift | Collection Photo | JC LAGARDE","twitter:description":"Night Shift : entre dans la danse de la nuit. Night Shift est une \u0153uvre photographique originale de Jean Christophe Lagarde Chaque \u0153uvre est sign\u00e9e.","twitter:image":"https:\/\/www.lagarde-photo.com\/wp-content\/uploads\/2021\/04\/logo_jcl_noir_favicon.png"},"aioseo_meta_data":{"post_id":"11065","title":"#post_title #separator_sa Collection Photo #separator_sa JC LAGARDE","description":"Night Shift : entre dans la danse de la nuit. Night Shift est une \u0153uvre photographique originale de Jean Christophe Lagarde Chaque \u0153uvre est sign\u00e9e.","keywords":null,"keyphrases":{"focus":{"keyphrase":"","score":0,"analysis":{"keyphraseInTitle":{"score":0,"maxScore":9,"error":1}}},"additional":[]},"primary_term":null,"canonical_url":null,"og_title":null,"og_description":null,"og_object_type":"default","og_image_type":"default","og_image_url":null,"og_image_width":null,"og_image_height":null,"og_image_custom_url":null,"og_image_custom_fields":null,"og_video":"","og_custom_url":null,"og_article_section":null,"og_article_tags":null,"twitter_use_og":false,"twitter_card":"default","twitter_image_type":"default","twitter_image_url":null,"twitter_image_custom_url":null,"twitter_image_custom_fields":null,"twitter_title":null,"twitter_description":null,"schema":{"blockGraphs":[],"customGraphs":[],"default":{"data":{"Article":[],"Course":[],"Dataset":[],"FAQPage":[],"Movie":[],"Person":[],"Product":[],"ProductReview":[],"Car":[],"Recipe":[],"Service":[],"SoftwareApplication":[],"WebPage":[]},"graphName":"ItemPage","isEnabled":true},"graphs":[]},"schema_type":"default","schema_type_options":null,"pillar_content":false,"robots_default":true,"robots_noindex":false,"robots_noarchive":false,"robots_nosnippet":false,"robots_nofollow":false,"robots_noimageindex":false,"robots_noodp":false,"robots_notranslate":false,"robots_max_snippet":"-1","robots_max_videopreview":"-1","robots_max_imagepreview":"large","priority":null,"frequency":"default","local_seo":null,"seo_analyzer_scan_date":"2026-05-13 04:33:00","breadcrumb_settings":null,"limit_modified_date":false,"reviewed_by":null,"open_ai":null,"ai":null,"created":"2024-05-20 17:13:14","updated":"2026-05-13 04:33:00"},"aioseo_breadcrumb":"<div class=\"aioseo-breadcrumbs\"><span class=\"aioseo-breadcrumb\">\n\t<a href=\"https:\/\/www.lagarde-photo.com\/en\/\" title=\"Home\">Home<\/a>\n<\/span><span class=\"aioseo-breadcrumb-separator\">\u2023<\/span><span class=\"aioseo-breadcrumb\">\n\t<a href=\"https:\/\/www.lagarde-photo.com\/en\/shop\/\" title=\"Shop Fine Art\">Shop Fine Art<\/a>\n<\/span><span class=\"aioseo-breadcrumb-separator\">\u2023<\/span><span class=\"aioseo-breadcrumb\">\n\t<a href=\"https:\/\/www.lagarde-photo.com\/en\/art-photography\/fine-art-print\/\" title=\"Fine art print\">Fine art print<\/a>\n<\/span><span class=\"aioseo-breadcrumb-separator\">\u2023<\/span><span class=\"aioseo-breadcrumb\">\n\t<a href=\"https:\/\/www.lagarde-photo.com\/en\/art-photography\/fine-art-print\/edition-limitee\/\" title=\"edition limit\u00e9e\">edition limit\u00e9e<\/a>\n<\/span><span class=\"aioseo-breadcrumb-separator\">\u2023<\/span><span class=\"aioseo-breadcrumb\">\n\tNight Shift\n<\/span><\/div>","aioseo_breadcrumb_json":[{"label":"Home","link":"https:\/\/www.lagarde-photo.com\/en\/"},{"label":"Shop Fine Art","link":"https:\/\/www.lagarde-photo.com\/en\/shop\/"},{"label":"Fine art print","link":"https:\/\/www.lagarde-photo.com\/en\/art-photography\/fine-art-print\/"},{"label":"edition limit\u00e9e","link":"https:\/\/www.lagarde-photo.com\/en\/art-photography\/fine-art-print\/edition-limitee\/"},{"label":"Night Shift","link":"https:\/\/www.lagarde-photo.com\/en\/boutique\/fine-art-print\/edition-limitee\/night-shift\/"}],"_links":{"self":[{"href":"https:\/\/www.lagarde-photo.com\/en\/wp-json\/wp\/v2\/product\/11065","targetHints":{"allow":["GET"]}}],"collection":[{"href":"https:\/\/www.lagarde-photo.com\/en\/wp-json\/wp\/v2\/product"}],"about":[{"href":"https:\/\/www.lagarde-photo.com\/en\/wp-json\/wp\/v2\/types\/product"}],"wp:featuredmedia":[{"embeddable":true,"href":"https:\/\/www.lagarde-photo.com\/en\/wp-json\/wp\/v2\/media\/11066"}],"wp:attachment":[{"href":"https:\/\/www.lagarde-photo.com\/en\/wp-json\/wp\/v2\/media?parent=11065"}],"wp:term":[{"taxonomy":"product_brand","embeddable":true,"href":"https:\/\/www.lagarde-photo.com\/en\/wp-json\/wp\/v2\/product_brand?post=11065"},{"taxonomy":"product_cat","embeddable":true,"href":"https:\/\/www.lagarde-photo.com\/en\/wp-json\/wp\/v2\/product_cat?post=11065"},{"taxonomy":"product_tag","embeddable":true,"href":"https:\/\/www.lagarde-photo.com\/en\/wp-json\/wp\/v2\/product_tag?post=11065"}],"curies":[{"name":"wp","href":"https:\/\/api.w.org\/{rel}","templated":true}]}}